{"id":204,"date":"2019-01-31T22:19:04","date_gmt":"2019-01-31T21:19:04","guid":{"rendered":"http:\/\/www.amn-kunststoffe.de\/?page_id=204"},"modified":"2025-11-24T16:01:50","modified_gmt":"2025-11-24T16:01:50","slug":"kunstoffe-verarbeitung-amn-alliance","status":"publish","type":"page","link":"https:\/\/amn-kunststoffe.de\/","title":{"rendered":"Wir sind Ihr Partner f\u00fcr Kunststoffe und deren Verarbeitung"},"content":{"rendered":"\n<p><\/p>\n\n\n\n<h3 class=\"wp-block-heading alignfull has-text-align-center\">Die Firma AMN Alliance e.K.  liefert und verarbeitet Kunststoffe aller Art!<\/h3>\n\n\n\n<p><\/p>\n\n\n<p><img fetchpriority=\"high\" decoding=\"async\" class=\"aligncenter\" src=\"https:\/\/amn-kunststoffe.de\/wp-content\/uploads\/2025\/05\/Plexiglas_XT1_full_WEB_1600px49-1024x640.jpg\" sizes=\"(max-width: 1024px) 100vw, 1024px\" srcset=\"https:\/\/amn-kunststoffe.de\/wp-content\/uploads\/2025\/05\/Plexiglas_XT1_full_WEB_1600px49-1024x640.jpg 1024w, https:\/\/amn-kunststoffe.de\/wp-content\/uploads\/2025\/05\/Plexiglas_XT1_full_WEB_1600px49-300x188.jpg 300w, https:\/\/amn-kunststoffe.de\/wp-content\/uploads\/2025\/05\/Plexiglas_XT1_full_WEB_1600px49-768x480.jpg 768w, https:\/\/amn-kunststoffe.de\/wp-content\/uploads\/2025\/05\/Plexiglas_XT1_full_WEB_1600px49-1536x960.jpg 1536w, https:\/\/amn-kunststoffe.de\/wp-content\/uploads\/2025\/05\/Plexiglas_XT1_full_WEB_1600px49.jpg 1600w\" alt=\"\" width=\"1024\" height=\"640\" \/><\/p>\n\n\n<div class=\"wp-block-group has-global-padding is-layout-constrained wp-block-group-is-layout-constrained\">\n<div class=\"wp-block-group alignfull has-global-padding is-layout-constrained wp-block-group-is-layout-constrained\">\n<p class=\"has-text-align-center has-medium-font-size\"><strong>Sie k\u00f6nnen bei uns aus einem breiten Sortiment w\u00e4hlen. Kunststoffe von verschiedenen Herstellern und Qualit\u00e4ten stehen zur Auswahl.<\/strong><\/p>\n<\/div>\n<\/div>\n\n\n\n<div class=\"wp-block-group alignfull has-global-padding is-layout-constrained wp-block-group-is-layout-constrained\">\n<div class=\"wp-block-group has-global-padding is-layout-constrained wp-block-group-is-layout-constrained\">\n<p class=\"has-text-align-center has-large-font-size\"><strong>WIR K\u00d6NNEN NICHT ALLES \u2013 ABER FAST!<\/strong><\/p>\n<\/div>\n<\/div>\n\n\n\n<p><\/p>\n","protected":false},"excerpt":{"rendered":"<p>Die Firma AMN Alliance e.K. liefert und verarbeitet Kunststoffe aller Art! Sie k\u00f6nnen bei uns aus einem breiten Sortiment w\u00e4hlen. Kunststoffe von verschiedenen Herstellern und Qualit\u00e4ten stehen zur Auswahl. WIR K\u00d6NNEN NICHT ALLES \u2013 ABER FAST!<\/p>\n","protected":false},"author":2,"featured_media":0,"parent":0,"menu_order":0,"comment_status":"closed","ping_status":"closed","template":"","meta":{"footnotes":""},"class_list":["post-204","page","type-page","status-publish","hentry"],"yoast_head":"<!-- This site is optimized with the Yoast SEO plugin v26.4 - https:\/\/yoast.com\/wordpress\/plugins\/seo\/ -->\n<title>Kunststoffe und Verarbeitung - AMN-Alliance<\/title>\n<meta name=\"description\" content=\"Kunstoffe und verarbeitete Kunststoffe sind unsere Spezialit\u00e4t. AMN Alliance GmbH ist Kunststoff-Partner seit mehr als 20 Jahren.\" \/>\n<meta name=\"robots\" content=\"index, follow, max-snippet:-1, max-image-preview:large, max-video-preview:-1\" \/>\n<link rel=\"canonical\" href=\"https:\/\/amn-kunststoffe.de\/\" \/>\n<meta property=\"og:locale\" content=\"de_DE\" \/>\n<meta property=\"og:type\" content=\"article\" \/>\n<meta property=\"og:title\" content=\"Kunststoffe und Verarbeitung - AMN-Alliance\" \/>\n<meta property=\"og:description\" content=\"Kunstoffe und verarbeitete Kunststoffe sind unsere Spezialit\u00e4t. AMN Alliance GmbH ist Kunststoff-Partner seit mehr als 20 Jahren.\" \/>\n<meta property=\"og:url\" content=\"https:\/\/amn-kunststoffe.de\/\" \/>\n<meta property=\"og:site_name\" content=\"amn-kunststoffe\" \/>\n<meta property=\"article:modified_time\" content=\"2025-11-24T16:01:50+00:00\" \/>\n<meta property=\"og:image\" content=\"https:\/\/amn-kunststoffe.de\/wp-content\/uploads\/2025\/05\/Plexiglas_XT1_full_WEB_1600px49-1024x640.jpg\" \/>\n<meta name=\"twitter:card\" content=\"summary_large_image\" \/>\n<meta name=\"twitter:label1\" content=\"Gesch\u00e4tzte Lesezeit\" \/>\n\t<meta name=\"twitter:data1\" content=\"1\u00a0Minute\" \/>\n<script type=\"application\/ld+json\" class=\"yoast-schema-graph\">{\"@context\":\"https:\/\/schema.org\",\"@graph\":[{\"@type\":\"WebPage\",\"@id\":\"https:\/\/amn-kunststoffe.de\/\",\"url\":\"https:\/\/amn-kunststoffe.de\/\",\"name\":\"Kunststoffe und Verarbeitung - AMN-Alliance\",\"isPartOf\":{\"@id\":\"https:\/\/amn-kunststoffe.de\/#website\"},\"primaryImageOfPage\":{\"@id\":\"https:\/\/amn-kunststoffe.de\/#primaryimage\"},\"image\":{\"@id\":\"https:\/\/amn-kunststoffe.de\/#primaryimage\"},\"thumbnailUrl\":\"https:\/\/amn-kunststoffe.de\/wp-content\/uploads\/2025\/05\/Plexiglas_XT1_full_WEB_1600px49-1024x640.jpg\",\"datePublished\":\"2019-01-31T21:19:04+00:00\",\"dateModified\":\"2025-11-24T16:01:50+00:00\",\"description\":\"Kunstoffe und verarbeitete Kunststoffe sind unsere Spezialit\u00e4t. AMN Alliance GmbH ist Kunststoff-Partner seit mehr als 20 Jahren.\",\"breadcrumb\":{\"@id\":\"https:\/\/amn-kunststoffe.de\/#breadcrumb\"},\"inLanguage\":\"de\",\"potentialAction\":[{\"@type\":\"ReadAction\",\"target\":[\"https:\/\/amn-kunststoffe.de\/\"]}]},{\"@type\":\"ImageObject\",\"inLanguage\":\"de\",\"@id\":\"https:\/\/amn-kunststoffe.de\/#primaryimage\",\"url\":\"https:\/\/amn-kunststoffe.de\/wp-content\/uploads\/2025\/05\/Plexiglas_XT1_full_WEB_1600px49.jpg\",\"contentUrl\":\"https:\/\/amn-kunststoffe.de\/wp-content\/uploads\/2025\/05\/Plexiglas_XT1_full_WEB_1600px49.jpg\",\"width\":1600,\"height\":1000},{\"@type\":\"BreadcrumbList\",\"@id\":\"https:\/\/amn-kunststoffe.de\/#breadcrumb\",\"itemListElement\":[{\"@type\":\"ListItem\",\"position\":1,\"name\":\"Startseite\",\"item\":\"https:\/\/amn-kunststoffe.de\/\"},{\"@type\":\"ListItem\",\"position\":2,\"name\":\"Wir sind Ihr Partner f\u00fcr Kunststoffe und deren Verarbeitung\"}]},{\"@type\":\"WebSite\",\"@id\":\"https:\/\/amn-kunststoffe.de\/#website\",\"url\":\"https:\/\/amn-kunststoffe.de\/\",\"name\":\"amn-kunststoffe\",\"description\":\"Partner f\u00fcr Kunststoffe und Verarbeitung\",\"potentialAction\":[{\"@type\":\"SearchAction\",\"target\":{\"@type\":\"EntryPoint\",\"urlTemplate\":\"https:\/\/amn-kunststoffe.de\/?s={search_term_string}\"},\"query-input\":{\"@type\":\"PropertyValueSpecification\",\"valueRequired\":true,\"valueName\":\"search_term_string\"}}],\"inLanguage\":\"de\"}]}<\/script>\n<!-- \/ Yoast SEO plugin. -->","yoast_head_json":{"title":"Kunststoffe und Verarbeitung - AMN-Alliance","description":"Kunstoffe und verarbeitete Kunststoffe sind unsere Spezialit\u00e4t. AMN Alliance GmbH ist Kunststoff-Partner seit mehr als 20 Jahren.","robots":{"index":"index","follow":"follow","max-snippet":"max-snippet:-1","max-image-preview":"max-image-preview:large","max-video-preview":"max-video-preview:-1"},"canonical":"https:\/\/amn-kunststoffe.de\/","og_locale":"de_DE","og_type":"article","og_title":"Kunststoffe und Verarbeitung - AMN-Alliance","og_description":"Kunstoffe und verarbeitete Kunststoffe sind unsere Spezialit\u00e4t. AMN Alliance GmbH ist Kunststoff-Partner seit mehr als 20 Jahren.","og_url":"https:\/\/amn-kunststoffe.de\/","og_site_name":"amn-kunststoffe","article_modified_time":"2025-11-24T16:01:50+00:00","og_image":[{"url":"https:\/\/amn-kunststoffe.de\/wp-content\/uploads\/2025\/05\/Plexiglas_XT1_full_WEB_1600px49-1024x640.jpg","type":"","width":"","height":""}],"twitter_card":"summary_large_image","twitter_misc":{"Gesch\u00e4tzte Lesezeit":"1\u00a0Minute"},"schema":{"@context":"https:\/\/schema.org","@graph":[{"@type":"WebPage","@id":"https:\/\/amn-kunststoffe.de\/","url":"https:\/\/amn-kunststoffe.de\/","name":"Kunststoffe und Verarbeitung - AMN-Alliance","isPartOf":{"@id":"https:\/\/amn-kunststoffe.de\/#website"},"primaryImageOfPage":{"@id":"https:\/\/amn-kunststoffe.de\/#primaryimage"},"image":{"@id":"https:\/\/amn-kunststoffe.de\/#primaryimage"},"thumbnailUrl":"https:\/\/amn-kunststoffe.de\/wp-content\/uploads\/2025\/05\/Plexiglas_XT1_full_WEB_1600px49-1024x640.jpg","datePublished":"2019-01-31T21:19:04+00:00","dateModified":"2025-11-24T16:01:50+00:00","description":"Kunstoffe und verarbeitete Kunststoffe sind unsere Spezialit\u00e4t. AMN Alliance GmbH ist Kunststoff-Partner seit mehr als 20 Jahren.","breadcrumb":{"@id":"https:\/\/amn-kunststoffe.de\/#breadcrumb"},"inLanguage":"de","potentialAction":[{"@type":"ReadAction","target":["https:\/\/amn-kunststoffe.de\/"]}]},{"@type":"ImageObject","inLanguage":"de","@id":"https:\/\/amn-kunststoffe.de\/#primaryimage","url":"https:\/\/amn-kunststoffe.de\/wp-content\/uploads\/2025\/05\/Plexiglas_XT1_full_WEB_1600px49.jpg","contentUrl":"https:\/\/amn-kunststoffe.de\/wp-content\/uploads\/2025\/05\/Plexiglas_XT1_full_WEB_1600px49.jpg","width":1600,"height":1000},{"@type":"BreadcrumbList","@id":"https:\/\/amn-kunststoffe.de\/#breadcrumb","itemListElement":[{"@type":"ListItem","position":1,"name":"Startseite","item":"https:\/\/amn-kunststoffe.de\/"},{"@type":"ListItem","position":2,"name":"Wir sind Ihr Partner f\u00fcr Kunststoffe und deren Verarbeitung"}]},{"@type":"WebSite","@id":"https:\/\/amn-kunststoffe.de\/#website","url":"https:\/\/amn-kunststoffe.de\/","name":"amn-kunststoffe","description":"Partner f\u00fcr Kunststoffe und Verarbeitung","potentialAction":[{"@type":"SearchAction","target":{"@type":"EntryPoint","urlTemplate":"https:\/\/amn-kunststoffe.de\/?s={search_term_string}"},"query-input":{"@type":"PropertyValueSpecification","valueRequired":true,"valueName":"search_term_string"}}],"inLanguage":"de"}]}},"_links":{"self":[{"href":"https:\/\/amn-kunststoffe.de\/index.php\/wp-json\/wp\/v2\/pages\/204","targetHints":{"allow":["GET"]}}],"collection":[{"href":"https:\/\/amn-kunststoffe.de\/index.php\/wp-json\/wp\/v2\/pages"}],"about":[{"href":"https:\/\/amn-kunststoffe.de\/index.php\/wp-json\/wp\/v2\/types\/page"}],"author":[{"embeddable":true,"href":"https:\/\/amn-kunststoffe.de\/index.php\/wp-json\/wp\/v2\/users\/2"}],"replies":[{"embeddable":true,"href":"https:\/\/amn-kunststoffe.de\/index.php\/wp-json\/wp\/v2\/comments?post=204"}],"version-history":[{"count":24,"href":"https:\/\/amn-kunststoffe.de\/index.php\/wp-json\/wp\/v2\/pages\/204\/revisions"}],"predecessor-version":[{"id":383,"href":"https:\/\/amn-kunststoffe.de\/index.php\/wp-json\/wp\/v2\/pages\/204\/revisions\/383"}],"wp:attachment":[{"href":"https:\/\/amn-kunststoffe.de\/index.php\/wp-json\/wp\/v2\/media?parent=204"}],"curies":[{"name":"wp","href":"https:\/\/api.w.org\/{rel}","templated":true}]}}